{"id":14,"date":"2019-04-02T02:29:08","date_gmt":"2019-04-02T02:29:08","guid":{"rendered":"http:\/\/hogaresneiva.com\/?page_id=14"},"modified":"2021-12-23T19:42:50","modified_gmt":"2021-12-23T19:42:50","slug":"about-us","status":"publish","type":"page","link":"https:\/\/hogaresneiva.com\/?page_id=14","title":{"rendered":"About Us"},"content":{"rendered":"\t\t<div data-elementor-type=\"wp-post\" data-elementor-id=\"14\" class=\"elementor elementor-14\">\n\t\t\t\t\t\t<section class=\"elementor-section elementor-top-section elementor-element elementor-element-945ba98 elementor-section-content-middle elementor-reverse-tablet elementor-reverse-mobile elementor-section-boxed elementor-section-height-default elementor-section-height-default\" data-id=\"945ba98\" data-element_type=\"section\" data-settings=\"{&quot;background_background&quot;:&quot;classic&quot;}\">\n\t\t\t\t\t\t\t<div class=\"elementor-background-overlay\"><\/div>\n\t\t\t\t\t\t\t<div class=\"elementor-container elementor-column-gap-no\">\n\t\t\t\t\t<div class=\"elementor-column elementor-col-100 elementor-top-column elementor-element elementor-element-062db5c\" data-id=\"062db5c\" data-element_type=\"column\">\n\t\t\t<div class=\"elementor-widget-wrap elementor-element-populated\">\n\t\t\t\t\t\t<div class=\"elementor-element elementor-element-8a70a1a elementor-widget elementor-widget-heading\" data-id=\"8a70a1a\" data-element_type=\"widget\" data-widget_type=\"heading.default\">\n\t\t\t\t<div class=\"elementor-widget-container\">\n\t\t\t\t\t<h2 class=\"elementor-heading-title elementor-size-default\">Sobre nosotros<\/h2>\t\t\t\t<\/div>\n\t\t\t\t<\/div>\n\t\t\t\t<div class=\"elementor-element elementor-element-49c3cd3 elementor-widget-divider--view-line elementor-widget elementor-widget-divider\" data-id=\"49c3cd3\" data-element_type=\"widget\" data-widget_type=\"divider.default\">\n\t\t\t\t<div class=\"elementor-widget-container\">\n\t\t\t\t\t\t\t<div class=\"elementor-divider\">\n\t\t\t<span class=\"elementor-divider-separator\">\n\t\t\t\t\t\t<\/span>\n\t\t<\/div>\n\t\t\t\t\t\t<\/div>\n\t\t\t\t<\/div>\n\t\t\t\t\t<\/div>\n\t\t<\/div>\n\t\t\t\t\t<\/div>\n\t\t<\/section>\n\t\t\t\t<section class=\"elementor-section elementor-top-section elementor-element elementor-element-eb845d0 elementor-section-content-top elementor-section-boxed elementor-section-height-default elementor-section-height-default\" data-id=\"eb845d0\" data-element_type=\"section\">\n\t\t\t\t\t\t<div class=\"elementor-container elementor-column-gap-no\">\n\t\t\t\t\t<div class=\"elementor-column elementor-col-100 elementor-top-column elementor-element elementor-element-caf2303\" data-id=\"caf2303\" data-element_type=\"column\">\n\t\t\t<div class=\"elementor-widget-wrap elementor-element-populated\">\n\t\t\t\t\t\t<section class=\"elementor-section elementor-inner-section elementor-element elementor-element-4590c26 elementor-section-content-top elementor-section-boxed elementor-section-height-default elementor-section-height-default\" data-id=\"4590c26\" data-element_type=\"section\">\n\t\t\t\t\t\t<div class=\"elementor-container elementor-column-gap-no\">\n\t\t\t\t\t<div class=\"elementor-column elementor-col-50 elementor-inner-column elementor-element elementor-element-514ff30\" data-id=\"514ff30\" data-element_type=\"column\">\n\t\t\t<div class=\"elementor-widget-wrap elementor-element-populated\">\n\t\t\t\t\t\t<div class=\"elementor-element elementor-element-bb6e975 elementor-widget elementor-widget-heading\" data-id=\"bb6e975\" data-element_type=\"widget\" data-widget_type=\"heading.default\">\n\t\t\t\t<div class=\"elementor-widget-container\">\n\t\t\t\t\t<h4 class=\"elementor-heading-title elementor-size-large\">Visi\u00f3n<\/h4>\t\t\t\t<\/div>\n\t\t\t\t<\/div>\n\t\t\t\t<div class=\"elementor-element elementor-element-83adcf1 elementor-widget elementor-widget-text-editor\" data-id=\"83adcf1\" data-element_type=\"widget\" data-widget_type=\"text-editor.default\">\n\t\t\t\t<div class=\"elementor-widget-container\">\n\t\t\t\t\t\t\t\t\t<p>Nuestro objetivo es brindar un servicio profesional, responsable y comprometido en brindar eficaz y oportuna asesor\u00eda y acompa\u00f1amiento en todos los procesos inmobiliarios, pensando siempre en satisfacer las necesidades de los clientes.<\/p>\t\t\t\t\t\t\t\t<\/div>\n\t\t\t\t<\/div>\n\t\t\t\t\t<\/div>\n\t\t<\/div>\n\t\t\t\t<div class=\"elementor-column elementor-col-50 elementor-inner-column elementor-element elementor-element-beb4f21\" data-id=\"beb4f21\" data-element_type=\"column\">\n\t\t\t<div class=\"elementor-widget-wrap elementor-element-populated\">\n\t\t\t\t\t\t<div class=\"elementor-element elementor-element-9a66b96 elementor-widget elementor-widget-heading\" data-id=\"9a66b96\" data-element_type=\"widget\" data-widget_type=\"heading.default\">\n\t\t\t\t<div class=\"elementor-widget-container\">\n\t\t\t\t\t<h4 class=\"elementor-heading-title elementor-size-large\">Misi\u00f3n<\/h4>\t\t\t\t<\/div>\n\t\t\t\t<\/div>\n\t\t\t\t<div class=\"elementor-element elementor-element-273ef20 elementor-widget elementor-widget-text-editor\" data-id=\"273ef20\" data-element_type=\"widget\" data-widget_type=\"text-editor.default\">\n\t\t\t\t<div class=\"elementor-widget-container\">\n\t\t\t\t\t\t\t\t\t<p>Convertirnos en una de las empresas m\u00e1s reconocidas en el sector inmobiliario de la regi\u00f3n, destacados por la calidad de nuestros proyectos y el buen servicio.<\/p>\t\t\t\t\t\t\t\t<\/div>\n\t\t\t\t<\/div>\n\t\t\t\t\t<\/div>\n\t\t<\/div>\n\t\t\t\t\t<\/div>\n\t\t<\/section>\n\t\t\t\t\t<\/div>\n\t\t<\/div>\n\t\t\t\t\t<\/div>\n\t\t<\/section>\n\t\t\t\t<section class=\"elementor-section elementor-top-section elementor-element elementor-element-318f367 elementor-section-content-top elementor-section-full_width elementor-section-height-default elementor-section-height-default\" data-id=\"318f367\" data-element_type=\"section\" data-settings=\"{&quot;background_background&quot;:&quot;classic&quot;}\">\n\t\t\t\t\t\t\t<div class=\"elementor-background-overlay\"><\/div>\n\t\t\t\t\t\t\t<div class=\"elementor-container elementor-column-gap-no\">\n\t\t\t\t\t<div class=\"elementor-column elementor-col-100 elementor-top-column elementor-element elementor-element-9975e84\" data-id=\"9975e84\" data-element_type=\"column\">\n\t\t\t<div class=\"elementor-widget-wrap elementor-element-populated\">\n\t\t\t\t\t\t<div class=\"elementor-element elementor-element-aea13ad elementor-widget elementor-widget-image\" data-id=\"aea13ad\" data-element_type=\"widget\" data-widget_type=\"image.default\">\n\t\t\t\t<div class=\"elementor-widget-container\">\n\t\t\t\t\t\t\t\t\t\t\t\t\t\t\t<img fetchpriority=\"high\" decoding=\"async\" width=\"1920\" height=\"900\" src=\"https:\/\/hogaresneiva.com\/wp-content\/uploads\/2020\/02\/estate-about-img-01.jpg\" class=\"attachment-2048x2048 size-2048x2048 wp-image-383\" alt=\"\" srcset=\"https:\/\/hogaresneiva.com\/wp-content\/uploads\/2020\/02\/estate-about-img-01.jpg 1920w, https:\/\/hogaresneiva.com\/wp-content\/uploads\/2020\/02\/estate-about-img-01-300x141.jpg 300w, https:\/\/hogaresneiva.com\/wp-content\/uploads\/2020\/02\/estate-about-img-01-1024x480.jpg 1024w, https:\/\/hogaresneiva.com\/wp-content\/uploads\/2020\/02\/estate-about-img-01-768x360.jpg 768w, https:\/\/hogaresneiva.com\/wp-content\/uploads\/2020\/02\/estate-about-img-01-1536x720.jpg 1536w\" sizes=\"(max-width: 1920px) 100vw, 1920px\" \/>\t\t\t\t\t\t\t\t\t\t\t\t\t\t\t<\/div>\n\t\t\t\t<\/div>\n\t\t\t\t\t<\/div>\n\t\t<\/div>\n\t\t\t\t\t<\/div>\n\t\t<\/section>\n\t\t\t\t<section class=\"elementor-section elementor-top-section elementor-element elementor-element-94b608c elementor-section-content-top elementor-section-boxed elementor-section-height-default elementor-section-height-default\" data-id=\"94b608c\" data-element_type=\"section\" data-settings=\"{&quot;background_background&quot;:&quot;classic&quot;}\">\n\t\t\t\t\t\t\t<div class=\"elementor-background-overlay\"><\/div>\n\t\t\t\t\t\t\t<div class=\"elementor-container elementor-column-gap-no\">\n\t\t\t\t\t<div class=\"elementor-column elementor-col-100 elementor-top-column elementor-element elementor-element-cff86c4\" data-id=\"cff86c4\" data-element_type=\"column\">\n\t\t\t<div class=\"elementor-widget-wrap elementor-element-populated\">\n\t\t\t\t\t\t<section class=\"elementor-section elementor-inner-section elementor-element elementor-element-01088eb elementor-section-content-top elementor-section-boxed elementor-section-height-default elementor-section-height-default\" data-id=\"01088eb\" data-element_type=\"section\">\n\t\t\t\t\t\t<div class=\"elementor-container elementor-column-gap-no\">\n\t\t\t\t\t<div class=\"elementor-column elementor-col-25 elementor-inner-column elementor-element elementor-element-b0d8e4f\" data-id=\"b0d8e4f\" data-element_type=\"column\">\n\t\t\t<div class=\"elementor-widget-wrap elementor-element-populated\">\n\t\t\t\t\t\t<div class=\"elementor-element elementor-element-4c9eabf elementor-widget-divider--view-line elementor-widget elementor-widget-divider\" data-id=\"4c9eabf\" data-element_type=\"widget\" data-widget_type=\"divider.default\">\n\t\t\t\t<div class=\"elementor-widget-container\">\n\t\t\t\t\t\t\t<div class=\"elementor-divider\">\n\t\t\t<span class=\"elementor-divider-separator\">\n\t\t\t\t\t\t<\/span>\n\t\t<\/div>\n\t\t\t\t\t\t<\/div>\n\t\t\t\t<\/div>\n\t\t\t\t<div class=\"elementor-element elementor-element-030951f elementor-widget elementor-widget-counter\" data-id=\"030951f\" data-element_type=\"widget\" data-widget_type=\"counter.default\">\n\t\t\t\t<div class=\"elementor-widget-container\">\n\t\t\t\t\t\t\t<div class=\"elementor-counter\">\n\t\t\t<div class=\"elementor-counter-title\">Apartamentos vendidos<\/div>\t\t\t<div class=\"elementor-counter-number-wrapper\">\n\t\t\t\t<span class=\"elementor-counter-number-prefix\"><\/span>\n\t\t\t\t<span class=\"elementor-counter-number\" data-duration=\"2000\" data-to-value=\"50\" data-from-value=\"0\" data-delimiter=\",\">0<\/span>\n\t\t\t\t<span class=\"elementor-counter-number-suffix\"><\/span>\n\t\t\t<\/div>\n\t\t<\/div>\n\t\t\t\t\t\t<\/div>\n\t\t\t\t<\/div>\n\t\t\t\t\t<\/div>\n\t\t<\/div>\n\t\t\t\t<div class=\"elementor-column elementor-col-25 elementor-inner-column elementor-element elementor-element-74c0897\" data-id=\"74c0897\" data-element_type=\"column\">\n\t\t\t<div class=\"elementor-widget-wrap elementor-element-populated\">\n\t\t\t\t\t\t<div class=\"elementor-element elementor-element-1e203b4 elementor-widget-divider--view-line elementor-widget elementor-widget-divider\" data-id=\"1e203b4\" data-element_type=\"widget\" data-widget_type=\"divider.default\">\n\t\t\t\t<div class=\"elementor-widget-container\">\n\t\t\t\t\t\t\t<div class=\"elementor-divider\">\n\t\t\t<span class=\"elementor-divider-separator\">\n\t\t\t\t\t\t<\/span>\n\t\t<\/div>\n\t\t\t\t\t\t<\/div>\n\t\t\t\t<\/div>\n\t\t\t\t<div class=\"elementor-element elementor-element-3406ccb elementor-widget elementor-widget-counter\" data-id=\"3406ccb\" data-element_type=\"widget\" data-widget_type=\"counter.default\">\n\t\t\t\t<div class=\"elementor-widget-container\">\n\t\t\t\t\t\t\t<div class=\"elementor-counter\">\n\t\t\t<div class=\"elementor-counter-title\">Clientes satisfechos<\/div>\t\t\t<div class=\"elementor-counter-number-wrapper\">\n\t\t\t\t<span class=\"elementor-counter-number-prefix\"><\/span>\n\t\t\t\t<span class=\"elementor-counter-number\" data-duration=\"2000\" data-to-value=\"500\" data-from-value=\"0\" data-delimiter=\",\">0<\/span>\n\t\t\t\t<span class=\"elementor-counter-number-suffix\"><\/span>\n\t\t\t<\/div>\n\t\t<\/div>\n\t\t\t\t\t\t<\/div>\n\t\t\t\t<\/div>\n\t\t\t\t\t<\/div>\n\t\t<\/div>\n\t\t\t\t<div class=\"elementor-column elementor-col-25 elementor-inner-column elementor-element elementor-element-062670b\" data-id=\"062670b\" data-element_type=\"column\">\n\t\t\t<div class=\"elementor-widget-wrap elementor-element-populated\">\n\t\t\t\t\t\t<div class=\"elementor-element elementor-element-4bad4c4 elementor-widget-divider--view-line elementor-widget elementor-widget-divider\" data-id=\"4bad4c4\" data-element_type=\"widget\" data-widget_type=\"divider.default\">\n\t\t\t\t<div class=\"elementor-widget-container\">\n\t\t\t\t\t\t\t<div class=\"elementor-divider\">\n\t\t\t<span class=\"elementor-divider-separator\">\n\t\t\t\t\t\t<\/span>\n\t\t<\/div>\n\t\t\t\t\t\t<\/div>\n\t\t\t\t<\/div>\n\t\t\t\t<div class=\"elementor-element elementor-element-6175e05 elementor-widget elementor-widget-counter\" data-id=\"6175e05\" data-element_type=\"widget\" data-widget_type=\"counter.default\">\n\t\t\t\t<div class=\"elementor-widget-container\">\n\t\t\t\t\t\t\t<div class=\"elementor-counter\">\n\t\t\t<div class=\"elementor-counter-title\">Casas Arrendadas<\/div>\t\t\t<div class=\"elementor-counter-number-wrapper\">\n\t\t\t\t<span class=\"elementor-counter-number-prefix\"><\/span>\n\t\t\t\t<span class=\"elementor-counter-number\" data-duration=\"2000\" data-to-value=\"400\" data-from-value=\"0\" data-delimiter=\",\">0<\/span>\n\t\t\t\t<span class=\"elementor-counter-number-suffix\"><\/span>\n\t\t\t<\/div>\n\t\t<\/div>\n\t\t\t\t\t\t<\/div>\n\t\t\t\t<\/div>\n\t\t\t\t\t<\/div>\n\t\t<\/div>\n\t\t\t\t<div class=\"elementor-column elementor-col-25 elementor-inner-column elementor-element elementor-element-93db227\" data-id=\"93db227\" data-element_type=\"column\">\n\t\t\t<div class=\"elementor-widget-wrap elementor-element-populated\">\n\t\t\t\t\t\t<div class=\"elementor-element elementor-element-0a8efca elementor-widget-divider--view-line elementor-widget elementor-widget-divider\" data-id=\"0a8efca\" data-element_type=\"widget\" data-widget_type=\"divider.default\">\n\t\t\t\t<div class=\"elementor-widget-container\">\n\t\t\t\t\t\t\t<div class=\"elementor-divider\">\n\t\t\t<span class=\"elementor-divider-separator\">\n\t\t\t\t\t\t<\/span>\n\t\t<\/div>\n\t\t\t\t\t\t<\/div>\n\t\t\t\t<\/div>\n\t\t\t\t<div class=\"elementor-element elementor-element-470f37b elementor-widget elementor-widget-counter\" data-id=\"470f37b\" data-element_type=\"widget\" data-widget_type=\"counter.default\">\n\t\t\t\t<div class=\"elementor-widget-container\">\n\t\t\t\t\t\t\t<div class=\"elementor-counter\">\n\t\t\t<div class=\"elementor-counter-title\">Propiedades listadas<\/div>\t\t\t<div class=\"elementor-counter-number-wrapper\">\n\t\t\t\t<span class=\"elementor-counter-number-prefix\"><\/span>\n\t\t\t\t<span class=\"elementor-counter-number\" data-duration=\"2000\" data-to-value=\"5000\" data-from-value=\"0\" data-delimiter=\",\">0<\/span>\n\t\t\t\t<span class=\"elementor-counter-number-suffix\"><\/span>\n\t\t\t<\/div>\n\t\t<\/div>\n\t\t\t\t\t\t<\/div>\n\t\t\t\t<\/div>\n\t\t\t\t\t<\/div>\n\t\t<\/div>\n\t\t\t\t\t<\/div>\n\t\t<\/section>\n\t\t\t\t\t<\/div>\n\t\t<\/div>\n\t\t\t\t\t<\/div>\n\t\t<\/section>\n\t\t\t\t<section class=\"elementor-section elementor-top-section elementor-element elementor-element-f3af0fc elementor-section-boxed elementor-section-height-default elementor-section-height-default\" data-id=\"f3af0fc\" data-element_type=\"section\">\n\t\t\t\t\t\t<div class=\"elementor-container elementor-column-gap-default\">\n\t\t\t\t\t<div class=\"elementor-column elementor-col-100 elementor-top-column elementor-element elementor-element-7781d53\" data-id=\"7781d53\" data-element_type=\"column\">\n\t\t\t<div class=\"elementor-widget-wrap elementor-element-populated\">\n\t\t\t\t\t\t<div class=\"elementor-element elementor-element-69c72fd elementor-widget elementor-widget-spacer\" data-id=\"69c72fd\" data-element_type=\"widget\" data-widget_type=\"spacer.default\">\n\t\t\t\t<div class=\"elementor-widget-container\">\n\t\t\t\t\t\t\t<div class=\"elementor-spacer\">\n\t\t\t<div class=\"elementor-spacer-inner\"><\/div>\n\t\t<\/div>\n\t\t\t\t\t\t<\/div>\n\t\t\t\t<\/div>\n\t\t\t\t\t<\/div>\n\t\t<\/div>\n\t\t\t\t\t<\/div>\n\t\t<\/section>\n\t\t\t\t<section class=\"elementor-section elementor-top-section elementor-element elementor-element-c12147b elementor-section-boxed elementor-section-height-default elementor-section-height-default\" data-id=\"c12147b\" data-element_type=\"section\">\n\t\t\t\t\t\t<div class=\"elementor-container elementor-column-gap-default\">\n\t\t\t\t\t<div class=\"elementor-column elementor-col-100 elementor-top-column elementor-element elementor-element-a855180\" data-id=\"a855180\" data-element_type=\"column\">\n\t\t\t<div class=\"elementor-widget-wrap elementor-element-populated\">\n\t\t\t\t\t\t<div class=\"elementor-element elementor-element-afffd58 elementor-widget elementor-widget-text-editor\" data-id=\"afffd58\" data-element_type=\"widget\" data-widget_type=\"text-editor.default\">\n\t\t\t\t<div class=\"elementor-widget-container\">\n\t\t\t\t\t\t\t\t\t<h3>POL\u00cdTICA DE TRATAMIENTO DE DATOS PERSONALES<\/h3>\t\t\t\t\t\t\t\t<\/div>\n\t\t\t\t<\/div>\n\t\t\t\t\t<\/div>\n\t\t<\/div>\n\t\t\t\t\t<\/div>\n\t\t<\/section>\n\t\t\t\t<section class=\"elementor-section elementor-top-section elementor-element elementor-element-65bce8a elementor-section-boxed elementor-section-height-default elementor-section-height-default\" data-id=\"65bce8a\" data-element_type=\"section\">\n\t\t\t\t\t\t<div class=\"elementor-container elementor-column-gap-default\">\n\t\t\t\t\t<div class=\"elementor-column elementor-col-100 elementor-top-column elementor-element elementor-element-ec35458\" data-id=\"ec35458\" data-element_type=\"column\">\n\t\t\t<div class=\"elementor-widget-wrap elementor-element-populated\">\n\t\t\t\t\t\t<div class=\"elementor-element elementor-element-aeec9a1 elementor-widget elementor-widget-text-editor\" data-id=\"aeec9a1\" data-element_type=\"widget\" data-widget_type=\"text-editor.default\">\n\t\t\t\t<div class=\"elementor-widget-container\">\n\t\t\t\t\t\t\t\t\t<p>El sitio web WWW.HOGARESNEIVA.COM, es una p\u00e1gina propiedad de SANDRA MILENA GAITA NARV\u00c1EZ, persona natural, domiciliada en Colombia, regida por la ley colombiana y los presentes T\u00e9rminos y Condiciones, los cuales el USUARIO se obliga a respetar desde el momento de ingreso al sitio. Si el USUARIO no est\u00e1 de acuerdo con cualquiera de los presentes T\u00e9rminos abstenerse de ingresar al sitio web o hacer uso de sus servicios.<\/p><p><strong>1. Definiciones <\/strong><\/p><p>a. Usuario: persona que ingresa a al sitio web de SANDRA MILENA GAITA NARV\u00c1EZ o hace uso de cualquiera de sus servicios. <br \/>b. Sitio web. Direcci\u00f3n URL (WWW.HOGARESNEIVA.COM) propiedad de SANDRA MILENA GAITA NARV\u00c1EZ y al cual aplican los presentes t\u00e9rminos y condiciones. <br \/>c. Propietario. SANDRA MILENA GAITA NARV\u00c1EZ, quien tiene el control sobre el contenido que se ingresa, elimina o permanece en el sitio, as\u00ed como de la publicaci\u00f3n del mismo.<br \/>d. Tratamiento de datos: Cualquier operaci\u00f3n u operaciones (recolectar, almacenar, analizar, transmitir, eliminar, etc) que se realice con datos personales. <br \/>e. Responsable del tratamiento. Quien decide sobre el tratamiento que se le da a los datos personales de los usuarios, que para efectos de estos t\u00e9rminos y condiciones ser\u00e1 SANDRA MILENA GAITA NARV\u00c1EZ. <br \/>f. Dato personal. Cualquier informaci\u00f3n asociada o que pueda asociarse a una o varias personas determinadas o determinables. <br \/>g. Titular. Persona cuyos datos personales sean tratados.<\/p><p><strong>2. Pol\u00edtica de tratamiento de datos personales <\/strong><\/p><p>Al suministrar datos personales y aceptar su tratamiento el USUARIO autoriza a que el sitio web y SANDRA MILENA GAITA NARV\u00c1EZ almacenen, transmitan, transfieran a cualquier t\u00edtulo la informaci\u00f3n proporcionada. As\u00ed mismo acepta su uso para fines de prestar un mejor servicio, usos comerciales, publicitarios y la comunicaci\u00f3n de ofertas del sitio web, SANDRA MILENA GAITA NARV\u00c1EZ terceros a los que les haya sido transferida la informaci\u00f3n a cualquier t\u00edtulo. Al proporcionar sus datos personales el USUARIO acepta que estos hagan parte de la base de datos que genera el sitio web o SANDRA MILENA GAITA NARV\u00c1EZ y que \u00e9sta sea incluida, junto con su informaci\u00f3n, en los activos del sitio web o SANDRA MILENA GAITA NARV\u00c1EZ para las operaciones de venta, fusi\u00f3n, escisi\u00f3n o cualquier otra operaci\u00f3n comercial.<\/p><p><strong>Obligaciones del propietario<\/strong><\/p><p><strong> Medidas de protecci\u00f3n:<\/strong> para garantizar la privacidad de los datos personales proporcionados por el USUARIO el propietario se obliga a tomar las medidas de protecci\u00f3n necesarias para evitar el acceso no autorizado a dicha informaci\u00f3n. Estas medidas se ajustar\u00e1n en funci\u00f3n del tipo de informaci\u00f3n proporcionada pero en ning\u00fan caso se asume una obligaci\u00f3n de resultado frente a la protecci\u00f3n de dichos datos. En caso de ingreso no autorizado, vulneraci\u00f3n, o falla de los servicios de seguridad el propietario se compromete a solucionar el problema dentro de un tiempo razonable, mas no ser\u00e1 responsable por los da\u00f1os producidos al USUARIO o terceros por la violaci\u00f3n de las medidas de seguridad dispuestas o el acceso abusivo al sistema inform\u00e1tico de SANDRA MILENA GAITA NARV\u00c1EZ.<br \/><strong>Control de la informaci\u00f3n:<\/strong> el USUARIO podr\u00e1 en cualquier momento solicitar la correcci\u00f3n, rectificaci\u00f3n, o actualizaci\u00f3n de la informaci\u00f3n proporcionada. Cuando la Superitendencia de Comercio encuentre que el propietario ha incumplido con la pol\u00edtica de protecci\u00f3n de datos ac\u00e1 establecida o con los m\u00ednimos se\u00f1alados por la ley el USUARI0 podr\u00e1 solicitar la supresi\u00f3n personales tanto del sitio web como de las bases de datos de SANDRA MILENA GAITA NARV\u00c1EZ y terceros a los que les haya sido transferida a cualquier t\u00edtulo. <br \/><strong>T\u00e9rminos de respuesta:<\/strong> el propietario responder\u00e1 en un m\u00e1ximo de 10 (diez) d\u00e1as h\u00e1biles las peticiones sobre consulta de datos personales que sean elevadas por el USUARIO a trav\u00e9s de los canales establecidos para ello. Cuando la petici\u00f3n sea sobre correcci\u00f3n, actualizaci\u00f3n o supresi\u00f3n de los datos el t\u00e9rminos de respuesta ser\u00e1 de 15 (quince) d\u00edas h\u00e1biles.<br \/><strong>Canales de atenci\u00f3n:<\/strong> para solicitudes sobre actualizaci\u00f3n, rectificaci\u00f3n, actualizaci\u00f3n o supresi\u00f3n de sus datos personales el USUARIO podr\u00e1 dirigirse a la direcci\u00f3n de correo electr\u00f3nico INFO@HOGARESNEIVA.COMy al tel\u00e9fono +57 316 0532303. <br \/><strong>Copia de autorizaci\u00f3n:<\/strong> el propietario conservar\u00e1 copia de la autorizaci\u00f3n otorgada por el USUARIO para el tratamiento de sus datos personales y har\u00e1 entrega de la misma dentro de los 10 (diez) d\u00edas h\u00e1biles siguientes a la solicitud realizada por el USUARIO. Los t\u00e9rminos comenzar\u00e1n a contar desde el d\u00eda h\u00e1bil siguiente a la fecha de realizaci\u00f3n de la solicitud. <br \/><strong>Revelaci\u00f3n de informaci\u00f3n:<\/strong> SANDRA MILENA GAITA NARV\u00c1EZ podr\u00e1 dar a conocer los datos personales del USUARIO cuando sea requerida por autoridades administrativas o judiciales competentes.<\/p>\t\t\t\t\t\t\t\t<\/div>\n\t\t\t\t<\/div>\n\t\t\t\t\t<\/div>\n\t\t<\/div>\n\t\t\t\t\t<\/div>\n\t\t<\/section>\n\t\t\t\t<\/div>\n\t\t","protected":false},"excerpt":{"rendered":"<p>Sobre nosotros Visi\u00f3n Nuestro objetivo es brindar un servicio profesional, responsable y comprometido en brindar eficaz y oportuna asesor\u00eda y acompa\u00f1amiento en todos los procesos inmobiliarios, pensando siempre en satisfacer las necesidades de los clientes. Misi\u00f3n Convertirnos en una de las empresas m\u00e1s reconocidas en el sector inmobiliario de la regi\u00f3n, destacados por la calidad &hellip;<\/p>\n<p class=\"read-more\"> <a class=\"\" href=\"https:\/\/hogaresneiva.com\/?page_id=14\"> <span class=\"screen-reader-text\">About Us<\/span> Leer m\u00e1s &raquo;<\/a><\/p>\n","protected":false},"author":1,"featured_media":0,"parent":0,"menu_order":0,"comment_status":"closed","ping_status":"closed","template":"","meta":{"site-sidebar-layout":"no-sidebar","site-content-layout":"page-builder","ast-main-header-display":"","ast-hfb-above-header-display":"","ast-hfb-mobile-header-display":"","site-post-title":"disabled","ast-breadcrumbs-content":"disabled","ast-featured-img":"disabled","footer-sml-layout":"","theme-transparent-header-meta":"enabled","adv-header-id-meta":"","stick-header-meta":"","header-above-stick-meta":"","header-main-stick-meta":"","header-below-stick-meta":"","_joinchat":[],"footnotes":""},"class_list":["post-14","page","type-page","status-publish","hentry"],"_links":{"self":[{"href":"https:\/\/hogaresneiva.com\/index.php?rest_route=\/wp\/v2\/pages\/14","targetHints":{"allow":["GET"]}}],"collection":[{"href":"https:\/\/hogaresneiva.com\/index.php?rest_route=\/wp\/v2\/pages"}],"about":[{"href":"https:\/\/hogaresneiva.com\/index.php?rest_route=\/wp\/v2\/types\/page"}],"author":[{"embeddable":true,"href":"https:\/\/hogaresneiva.com\/index.php?rest_route=\/wp\/v2\/users\/1"}],"replies":[{"embeddable":true,"href":"https:\/\/hogaresneiva.com\/index.php?rest_route=%2Fwp%2Fv2%2Fcomments&post=14"}],"version-history":[{"count":28,"href":"https:\/\/hogaresneiva.com\/index.php?rest_route=\/wp\/v2\/pages\/14\/revisions"}],"predecessor-version":[{"id":1015,"href":"https:\/\/hogaresneiva.com\/index.php?rest_route=\/wp\/v2\/pages\/14\/revisions\/1015"}],"wp:attachment":[{"href":"https:\/\/hogaresneiva.com\/index.php?rest_route=%2Fwp%2Fv2%2Fmedia&parent=14"}],"curies":[{"name":"wp","href":"https:\/\/api.w.org\/{rel}","templated":true}]}}